{"id":46,"date":"2022-03-12T15:35:28","date_gmt":"2022-03-12T14:35:28","guid":{"rendered":"http:\/\/bistrot-des-alpes-cruis.fr\/?page_id=46"},"modified":"2024-05-12T17:42:54","modified_gmt":"2024-05-12T15:42:54","slug":"notre-restaurant-bistrot-des-alpes-restaurant","status":"publish","type":"page","link":"https:\/\/bistrot-des-alpes-cruis.fr\/?page_id=46","title":{"rendered":"Notre restaurant"},"content":{"rendered":"\n<p><\/p>\n\n\n\n<h1 class=\"wp-block-heading has-text-align-center\" id=\"wt-container-instance-5895148\"><strong>Bienvenue dans notre restaurant<\/strong> <img decoding=\"async\" src=\"https:\/\/www.bistrot-des-alpes.fr\/userfiles\/26289\/modif\/motif1.png\" alt=\"\"><\/h1>\n\n\n\n<p>Situ\u00e9 \u00e0 Cruis, entre Sisteron et Forcalquier sur le versant sud de la montagne de Lure, notre bistrot est une adresse incontournable.<br>Pour un d\u00e9jeuner en famille, un d\u00eener en amoureux, une pause caf\u00e9, un verre entre amis ou un repas de groupe, n&rsquo;h\u00e9sitez pas \u00e0 pousser les portes de notre bistrot et \u00e0 venir d\u00e9couvrir notre charmant village de Cruis labellis\u00e9 villages et cit\u00e9s de caract\u00e8re.<\/p>\n\n\n\n<p>Nous vous accueillons dans une ambiance conviviale et chaleureuse.<\/p>\n\n\n\n<p>Nous vous accueillons 7 jours sur 7 tous les midis de l&rsquo;ann\u00e9e, les vendredis soir et les samedis soir toute l&rsquo;ann\u00e9e et du mois d&rsquo;avril au mois de septembre tous les soirs sauf le dimanche.<\/p>\n\n\n\n<p><\/p>\n\n\n\n<h1 class=\"wp-block-heading has-text-align-center\" id=\"wt-container-instance-5895150\"><strong>Notre cuisine<\/strong><\/h1>\n\n\n\n<p><\/p>\n\n\n\n<p>D\u00e9gustez notre cuisine maison familiale et traditionnelle, d\u00e9couvrez \u00e9galement tout au long de l&rsquo;ann\u00e9e nos sp\u00e9cialit\u00e9s&nbsp;: a\u00efoli, pied et paquets, petits farcis proven\u00e7aux, soupe au pistou, tajine&#8230;<\/p>\n\n\n\n<p><\/p>\n\n\n\n<p>D\u00e9couvrez notre c\u00f4t\u00e9 snack de la carte, avec nos savoureux burgers, notre assiette de k\u00e9bab ou encore nos nuggets maison.<\/p>\n\n\n\n<p>Savourez nos pizzas chaque vendredi soir et samedi soir (\u00e9galement le mardi soir d&rsquo;avril \u00e0 septembre).<\/p>\n\n\n\n<p><\/p>\n\n\n\n<p>Nous sommes aussi \u00e0 votre \u00e9coute pour r\u00e9pondre \u00e0 vos demandes de r\u00e9servation et \u00e0 vos questions.<\/p>\n\n\n\n<p>Bistrot Des Alpes &#8211; 7 Route de Sisteron- 04230 Cruis<\/p>\n\n\n\n<p>T\u00e9l\u00e9phone : 04 92 74 79 41 &#8211; Mail : <a href=\"mailto:contact@bistrot-des-alpes-cruis.fr\" target=\"_blank\" rel=\"noreferrer noopener\">contact@bistrot-des-alpes-cruis.fr<\/a><\/p>\n\n\n\n<h2 class=\"wp-block-heading\"><\/h2>\n\n\n\n<figure class=\"wp-block-image size-large\"><img loading=\"lazy\" decoding=\"async\" width=\"1024\" height=\"370\" src=\"https:\/\/bistrot-des-alpes-cruis.fr\/wp-content\/uploads\/2022\/04\/HPI-bistrot-1024x370.jpg\" alt=\"\" class=\"wp-image-453\" srcset=\"https:\/\/bistrot-des-alpes-cruis.fr\/wp-content\/uploads\/2022\/04\/HPI-bistrot-1024x370.jpg 1024w, https:\/\/bistrot-des-alpes-cruis.fr\/wp-content\/uploads\/2022\/04\/HPI-bistrot-300x108.jpg 300w, https:\/\/bistrot-des-alpes-cruis.fr\/wp-content\/uploads\/2022\/04\/HPI-bistrot-768x278.jpg 768w, https:\/\/bistrot-des-alpes-cruis.fr\/wp-content\/uploads\/2022\/04\/HPI-bistrot-1536x555.jpg 1536w, https:\/\/bistrot-des-alpes-cruis.fr\/wp-content\/uploads\/2022\/04\/HPI-bistrot.jpg 2048w\" sizes=\"auto, (max-width: 1024px) 100vw, 1024px\" \/><\/figure>\n\n\n\n<div class=\"wp-block-buttons is-content-justification-center is-layout-flex wp-container-core-buttons-is-layout-16018d1d wp-block-buttons-is-layout-flex\">\n<div class=\"wp-block-button\"><a class=\"wp-block-button__link wp-element-button\" href=\"https:\/\/www.facebook.com\/barrestaurant.desalpes\/\" target=\"_blank\" rel=\"noreferrer noopener\">Notre page Facebook<\/a><\/div>\n<\/div>\n\n\n\n<div class=\"wp-block-buttons is-content-justification-center is-layout-flex wp-container-core-buttons-is-layout-16018d1d wp-block-buttons-is-layout-flex\">\n<div class=\"wp-block-button\"><a class=\"wp-block-button__link wp-element-button\" href=\"https:\/\/bistrot-des-alpes-cruis.fr\/?page_id=50\">Notre Carte<\/a><\/div>\n<\/div>\n\n\n\n<div class=\"wp-block-buttons is-content-justification-center is-layout-flex wp-container-core-buttons-is-layout-16018d1d wp-block-buttons-is-layout-flex\">\n<div class=\"wp-block-button\"><a class=\"wp-block-button__link wp-element-button\" href=\"https:\/\/bistrot-des-alpes-cruis.fr\/?page_id=653\">Nos Glaces<\/a><\/div>\n<\/div>\n\n\n\n<div class=\"wp-block-buttons is-content-justification-center is-layout-flex wp-container-core-buttons-is-layout-16018d1d wp-block-buttons-is-layout-flex\">\n<div class=\"wp-block-button\"><a class=\"wp-block-button__link wp-element-button\" href=\"https:\/\/bistrot-des-alpes-cruis.fr\/?page_id=49\">Nos Pizzas<\/a><\/div>\n<\/div>\n","protected":false},"excerpt":{"rendered":"<p>Bienvenue dans notre restaurant Situ\u00e9 \u00e0 Cruis, entre Sisteron et Forcalquier sur le versant sud de la montagne de Lure, notre bistrot est une adresse incontournable.Pour un d\u00e9jeuner en famille, un d\u00eener en amoureux, une pause caf\u00e9, un verre entre amis ou un repas de groupe, n&rsquo;h\u00e9sitez pas \u00e0 pousser&#8230;<\/p>\n","protected":false},"author":1,"featured_media":0,"parent":0,"menu_order":0,"comment_status":"closed","ping_status":"closed","template":"","meta":{"footnotes":""},"class_list":["post-46","page","type-page","status-publish","hentry"],"yoast_head":"<!-- This site is optimized with the Yoast SEO plugin v27.4 - https:\/\/yoast.com\/product\/yoast-seo-wordpress\/ -->\n<title>Bistrot Des Alpes - Cruis - Bar Restaurant<\/title>\n<meta name=\"description\" content=\"Le Bistrot Des Alpes situ\u00e9 \u00e0 Cruis, entre Sisteron et Forcalquier sur le versant sud de la montagne de Lure, est une adresse incontournable.\" \/>\n<meta name=\"robots\" content=\"index, follow, max-snippet:-1, max-image-preview:large, max-video-preview:-1\" \/>\n<link rel=\"canonical\" href=\"https:\/\/bistrot-des-alpes-cruis.fr\/?page_id=46\" \/>\n<meta property=\"og:locale\" content=\"fr_FR\" \/>\n<meta property=\"og:type\" content=\"article\" \/>\n<meta property=\"og:title\" content=\"Bistrot Des Alpes - Cruis - Bar Restaurant\" \/>\n<meta property=\"og:description\" content=\"Le Bistrot Des Alpes situ\u00e9 \u00e0 Cruis, entre Sisteron et Forcalquier sur le versant sud de la montagne de Lure, est une adresse incontournable.\" \/>\n<meta property=\"og:url\" content=\"https:\/\/bistrot-des-alpes-cruis.fr\/?page_id=46\" \/>\n<meta property=\"og:site_name\" content=\"Bistrot Des Alpes\" \/>\n<meta property=\"article:publisher\" content=\"https:\/\/www.facebook.com\/barrestaurant.desalpes\/\" \/>\n<meta property=\"article:modified_time\" content=\"2024-05-12T15:42:54+00:00\" \/>\n<meta property=\"og:image\" content=\"https:\/\/www.bistrot-des-alpes.fr\/userfiles\/26289\/modif\/motif1.png\" \/>\n<meta name=\"twitter:card\" content=\"summary_large_image\" \/>\n<meta name=\"twitter:label1\" content=\"Dur\u00e9e de lecture estim\u00e9e\" \/>\n\t<meta name=\"twitter:data1\" content=\"2 minutes\" \/>\n<script type=\"application\/ld+json\" class=\"yoast-schema-graph\">{\"@context\":\"https:\\\/\\\/schema.org\",\"@graph\":[{\"@type\":[\"WebPage\",\"ItemPage\"],\"@id\":\"https:\\\/\\\/bistrot-des-alpes-cruis.fr\\\/?page_id=46\",\"url\":\"https:\\\/\\\/bistrot-des-alpes-cruis.fr\\\/?page_id=46\",\"name\":\"Bistrot Des Alpes - Cruis - Bar Restaurant\",\"isPartOf\":{\"@id\":\"https:\\\/\\\/bistrot-des-alpes-cruis.fr\\\/#website\"},\"primaryImageOfPage\":{\"@id\":\"https:\\\/\\\/bistrot-des-alpes-cruis.fr\\\/?page_id=46#primaryimage\"},\"image\":{\"@id\":\"https:\\\/\\\/bistrot-des-alpes-cruis.fr\\\/?page_id=46#primaryimage\"},\"thumbnailUrl\":\"https:\\\/\\\/www.bistrot-des-alpes.fr\\\/userfiles\\\/26289\\\/modif\\\/motif1.png\",\"datePublished\":\"2022-03-12T14:35:28+00:00\",\"dateModified\":\"2024-05-12T15:42:54+00:00\",\"description\":\"Le Bistrot Des Alpes situ\u00e9 \u00e0 Cruis, entre Sisteron et Forcalquier sur le versant sud de la montagne de Lure, est une adresse incontournable.\",\"breadcrumb\":{\"@id\":\"https:\\\/\\\/bistrot-des-alpes-cruis.fr\\\/?page_id=46#breadcrumb\"},\"inLanguage\":\"fr-FR\",\"potentialAction\":[{\"@type\":\"ReadAction\",\"target\":[\"https:\\\/\\\/bistrot-des-alpes-cruis.fr\\\/?page_id=46\"]}]},{\"@type\":\"ImageObject\",\"inLanguage\":\"fr-FR\",\"@id\":\"https:\\\/\\\/bistrot-des-alpes-cruis.fr\\\/?page_id=46#primaryimage\",\"url\":\"https:\\\/\\\/www.bistrot-des-alpes.fr\\\/userfiles\\\/26289\\\/modif\\\/motif1.png\",\"contentUrl\":\"https:\\\/\\\/www.bistrot-des-alpes.fr\\\/userfiles\\\/26289\\\/modif\\\/motif1.png\"},{\"@type\":\"BreadcrumbList\",\"@id\":\"https:\\\/\\\/bistrot-des-alpes-cruis.fr\\\/?page_id=46#breadcrumb\",\"itemListElement\":[{\"@type\":\"ListItem\",\"position\":1,\"name\":\"Accueil\",\"item\":\"https:\\\/\\\/bistrot-des-alpes-cruis.fr\\\/\"},{\"@type\":\"ListItem\",\"position\":2,\"name\":\"Notre restaurant\"}]},{\"@type\":\"WebSite\",\"@id\":\"https:\\\/\\\/bistrot-des-alpes-cruis.fr\\\/#website\",\"url\":\"https:\\\/\\\/bistrot-des-alpes-cruis.fr\\\/\",\"name\":\"Bistrot Des Alpes\",\"description\":\"Restaurant Traiteur Pizzas\",\"publisher\":{\"@id\":\"https:\\\/\\\/bistrot-des-alpes-cruis.fr\\\/#organization\"},\"potentialAction\":[{\"@type\":\"SearchAction\",\"target\":{\"@type\":\"EntryPoint\",\"urlTemplate\":\"https:\\\/\\\/bistrot-des-alpes-cruis.fr\\\/?s={search_term_string}\"},\"query-input\":{\"@type\":\"PropertyValueSpecification\",\"valueRequired\":true,\"valueName\":\"search_term_string\"}}],\"inLanguage\":\"fr-FR\"},{\"@type\":\"Organization\",\"@id\":\"https:\\\/\\\/bistrot-des-alpes-cruis.fr\\\/#organization\",\"name\":\"Bistrot des alpes\",\"url\":\"https:\\\/\\\/bistrot-des-alpes-cruis.fr\\\/\",\"logo\":{\"@type\":\"ImageObject\",\"inLanguage\":\"fr-FR\",\"@id\":\"https:\\\/\\\/bistrot-des-alpes-cruis.fr\\\/#\\\/schema\\\/logo\\\/image\\\/\",\"url\":\"http:\\\/\\\/bistrot-des-alpes-cruis.fr\\\/wp-content\\\/uploads\\\/2022\\\/03\\\/cropped-panneaux-exterieurs.jpg\",\"contentUrl\":\"http:\\\/\\\/bistrot-des-alpes-cruis.fr\\\/wp-content\\\/uploads\\\/2022\\\/03\\\/cropped-panneaux-exterieurs.jpg\",\"width\":1700,\"height\":1139,\"caption\":\"Bistrot des alpes\"},\"image\":{\"@id\":\"https:\\\/\\\/bistrot-des-alpes-cruis.fr\\\/#\\\/schema\\\/logo\\\/image\\\/\"},\"sameAs\":[\"https:\\\/\\\/www.facebook.com\\\/barrestaurant.desalpes\\\/\"]}]}<\/script>\n<!-- \/ Yoast SEO plugin. -->","yoast_head_json":{"title":"Bistrot Des Alpes - Cruis - Bar Restaurant","description":"Le Bistrot Des Alpes situ\u00e9 \u00e0 Cruis, entre Sisteron et Forcalquier sur le versant sud de la montagne de Lure, est une adresse incontournable.","robots":{"index":"index","follow":"follow","max-snippet":"max-snippet:-1","max-image-preview":"max-image-preview:large","max-video-preview":"max-video-preview:-1"},"canonical":"https:\/\/bistrot-des-alpes-cruis.fr\/?page_id=46","og_locale":"fr_FR","og_type":"article","og_title":"Bistrot Des Alpes - Cruis - Bar Restaurant","og_description":"Le Bistrot Des Alpes situ\u00e9 \u00e0 Cruis, entre Sisteron et Forcalquier sur le versant sud de la montagne de Lure, est une adresse incontournable.","og_url":"https:\/\/bistrot-des-alpes-cruis.fr\/?page_id=46","og_site_name":"Bistrot Des Alpes","article_publisher":"https:\/\/www.facebook.com\/barrestaurant.desalpes\/","article_modified_time":"2024-05-12T15:42:54+00:00","og_image":[{"url":"https:\/\/www.bistrot-des-alpes.fr\/userfiles\/26289\/modif\/motif1.png","type":"","width":"","height":""}],"twitter_card":"summary_large_image","twitter_misc":{"Dur\u00e9e de lecture estim\u00e9e":"2 minutes"},"schema":{"@context":"https:\/\/schema.org","@graph":[{"@type":["WebPage","ItemPage"],"@id":"https:\/\/bistrot-des-alpes-cruis.fr\/?page_id=46","url":"https:\/\/bistrot-des-alpes-cruis.fr\/?page_id=46","name":"Bistrot Des Alpes - Cruis - Bar Restaurant","isPartOf":{"@id":"https:\/\/bistrot-des-alpes-cruis.fr\/#website"},"primaryImageOfPage":{"@id":"https:\/\/bistrot-des-alpes-cruis.fr\/?page_id=46#primaryimage"},"image":{"@id":"https:\/\/bistrot-des-alpes-cruis.fr\/?page_id=46#primaryimage"},"thumbnailUrl":"https:\/\/www.bistrot-des-alpes.fr\/userfiles\/26289\/modif\/motif1.png","datePublished":"2022-03-12T14:35:28+00:00","dateModified":"2024-05-12T15:42:54+00:00","description":"Le Bistrot Des Alpes situ\u00e9 \u00e0 Cruis, entre Sisteron et Forcalquier sur le versant sud de la montagne de Lure, est une adresse incontournable.","breadcrumb":{"@id":"https:\/\/bistrot-des-alpes-cruis.fr\/?page_id=46#breadcrumb"},"inLanguage":"fr-FR","potentialAction":[{"@type":"ReadAction","target":["https:\/\/bistrot-des-alpes-cruis.fr\/?page_id=46"]}]},{"@type":"ImageObject","inLanguage":"fr-FR","@id":"https:\/\/bistrot-des-alpes-cruis.fr\/?page_id=46#primaryimage","url":"https:\/\/www.bistrot-des-alpes.fr\/userfiles\/26289\/modif\/motif1.png","contentUrl":"https:\/\/www.bistrot-des-alpes.fr\/userfiles\/26289\/modif\/motif1.png"},{"@type":"BreadcrumbList","@id":"https:\/\/bistrot-des-alpes-cruis.fr\/?page_id=46#breadcrumb","itemListElement":[{"@type":"ListItem","position":1,"name":"Accueil","item":"https:\/\/bistrot-des-alpes-cruis.fr\/"},{"@type":"ListItem","position":2,"name":"Notre restaurant"}]},{"@type":"WebSite","@id":"https:\/\/bistrot-des-alpes-cruis.fr\/#website","url":"https:\/\/bistrot-des-alpes-cruis.fr\/","name":"Bistrot Des Alpes","description":"Restaurant Traiteur Pizzas","publisher":{"@id":"https:\/\/bistrot-des-alpes-cruis.fr\/#organization"},"potentialAction":[{"@type":"SearchAction","target":{"@type":"EntryPoint","urlTemplate":"https:\/\/bistrot-des-alpes-cruis.fr\/?s={search_term_string}"},"query-input":{"@type":"PropertyValueSpecification","valueRequired":true,"valueName":"search_term_string"}}],"inLanguage":"fr-FR"},{"@type":"Organization","@id":"https:\/\/bistrot-des-alpes-cruis.fr\/#organization","name":"Bistrot des alpes","url":"https:\/\/bistrot-des-alpes-cruis.fr\/","logo":{"@type":"ImageObject","inLanguage":"fr-FR","@id":"https:\/\/bistrot-des-alpes-cruis.fr\/#\/schema\/logo\/image\/","url":"http:\/\/bistrot-des-alpes-cruis.fr\/wp-content\/uploads\/2022\/03\/cropped-panneaux-exterieurs.jpg","contentUrl":"http:\/\/bistrot-des-alpes-cruis.fr\/wp-content\/uploads\/2022\/03\/cropped-panneaux-exterieurs.jpg","width":1700,"height":1139,"caption":"Bistrot des alpes"},"image":{"@id":"https:\/\/bistrot-des-alpes-cruis.fr\/#\/schema\/logo\/image\/"},"sameAs":["https:\/\/www.facebook.com\/barrestaurant.desalpes\/"]}]}},"_links":{"self":[{"href":"https:\/\/bistrot-des-alpes-cruis.fr\/index.php?rest_route=\/wp\/v2\/pages\/46","targetHints":{"allow":["GET"]}}],"collection":[{"href":"https:\/\/bistrot-des-alpes-cruis.fr\/index.php?rest_route=\/wp\/v2\/pages"}],"about":[{"href":"https:\/\/bistrot-des-alpes-cruis.fr\/index.php?rest_route=\/wp\/v2\/types\/page"}],"author":[{"embeddable":true,"href":"https:\/\/bistrot-des-alpes-cruis.fr\/index.php?rest_route=\/wp\/v2\/users\/1"}],"replies":[{"embeddable":true,"href":"https:\/\/bistrot-des-alpes-cruis.fr\/index.php?rest_route=%2Fwp%2Fv2%2Fcomments&post=46"}],"version-history":[{"count":27,"href":"https:\/\/bistrot-des-alpes-cruis.fr\/index.php?rest_route=\/wp\/v2\/pages\/46\/revisions"}],"predecessor-version":[{"id":731,"href":"https:\/\/bistrot-des-alpes-cruis.fr\/index.php?rest_route=\/wp\/v2\/pages\/46\/revisions\/731"}],"wp:attachment":[{"href":"https:\/\/bistrot-des-alpes-cruis.fr\/index.php?rest_route=%2Fwp%2Fv2%2Fmedia&parent=46"}],"curies":[{"name":"wp","href":"https:\/\/api.w.org\/{rel}","templated":true}]}}