{"id":225,"date":"2022-03-13T20:58:07","date_gmt":"2022-03-13T19:58:07","guid":{"rendered":"http:\/\/bistrot-des-alpes-cruis.fr\/?page_id=225"},"modified":"2022-03-20T18:31:52","modified_gmt":"2022-03-20T17:31:52","slug":"nos-partenaires","status":"publish","type":"page","link":"https:\/\/bistrot-des-alpes-cruis.fr\/?page_id=225","title":{"rendered":"Nos Partenaires"},"content":{"rendered":"\n<h2 class=\"wp-block-heading\"> La Bastide Saint Pierre <img loading=\"lazy\" decoding=\"async\" width=\"40\" height=\"40\" class=\"wp-image-383\" style=\"width: 40px;\" src=\"https:\/\/bistrot-des-alpes-cruis.fr\/wp-content\/uploads\/2022\/03\/Gite-de-france.png\" alt=\"\" srcset=\"https:\/\/bistrot-des-alpes-cruis.fr\/wp-content\/uploads\/2022\/03\/Gite-de-france.png 225w, https:\/\/bistrot-des-alpes-cruis.fr\/wp-content\/uploads\/2022\/03\/Gite-de-france-150x150.png 150w\" sizes=\"auto, (max-width: 40px) 100vw, 40px\" \/> <\/h2>\n\n\n\n<figure class=\"wp-block-image size-full is-resized\"><img loading=\"lazy\" decoding=\"async\" src=\"https:\/\/bistrot-des-alpes-cruis.fr\/wp-content\/uploads\/2022\/03\/Bastide-st-pierre.jpg\" alt=\"\" class=\"wp-image-379\" width=\"396\" height=\"220\" srcset=\"https:\/\/bistrot-des-alpes-cruis.fr\/wp-content\/uploads\/2022\/03\/Bastide-st-pierre.jpg 791w, https:\/\/bistrot-des-alpes-cruis.fr\/wp-content\/uploads\/2022\/03\/Bastide-st-pierre-300x167.jpg 300w, https:\/\/bistrot-des-alpes-cruis.fr\/wp-content\/uploads\/2022\/03\/Bastide-st-pierre-768x427.jpg 768w\" sizes=\"auto, (max-width: 396px) 100vw, 396px\" \/><figcaption>Propri\u00e9taire : M.Auguste Derrives &#8211; T\u00e9l\u00e9phone : 06 70 80 81 40 &#8211; Mail : rderrives@free.fr <\/figcaption><\/figure>\n\n\n\n<div class=\"wp-block-buttons is-content-justification-left is-layout-flex wp-container-core-buttons-is-layout-fdcfc74e wp-block-buttons-is-layout-flex\">\n<div class=\"wp-block-button\"><a class=\"wp-block-button__link\" href=\"https:\/\/www.gites-de-france-04.fr\/location-vacances-Gite-3-epis-Alpes-de-haute-provence-Haute-Provence-Luberon-Cruis-Bastide-Saint-pierre-Auguste-Et-Raymonde-Derrives-G14383.html\" target=\"_blank\" rel=\"noreferrer noopener\">Lien vers La Bastide St Pierre<\/a><\/div>\n<\/div>\n\n\n\n<h2 class=\"wp-block-heading\"><\/h2>\n\n\n\n<h2 class=\"wp-block-heading\">Le Mas Saint Pierre <img loading=\"lazy\" decoding=\"async\" width=\"40\" height=\"40\" class=\"wp-image-383\" style=\"width: 40px;\" src=\"https:\/\/bistrot-des-alpes-cruis.fr\/wp-content\/uploads\/2022\/03\/Gite-de-france.png\" alt=\"\" srcset=\"https:\/\/bistrot-des-alpes-cruis.fr\/wp-content\/uploads\/2022\/03\/Gite-de-france.png 225w, https:\/\/bistrot-des-alpes-cruis.fr\/wp-content\/uploads\/2022\/03\/Gite-de-france-150x150.png 150w\" sizes=\"auto, (max-width: 40px) 100vw, 40px\" \/><\/h2>\n\n\n\n<figure class=\"wp-block-image size-full is-resized\"><img loading=\"lazy\" decoding=\"async\" src=\"https:\/\/bistrot-des-alpes-cruis.fr\/wp-content\/uploads\/2022\/03\/Mas-st-Pierre.jpg\" alt=\"\" class=\"wp-image-392\" width=\"396\" height=\"220\" srcset=\"https:\/\/bistrot-des-alpes-cruis.fr\/wp-content\/uploads\/2022\/03\/Mas-st-Pierre.jpg 791w, https:\/\/bistrot-des-alpes-cruis.fr\/wp-content\/uploads\/2022\/03\/Mas-st-Pierre-300x167.jpg 300w, https:\/\/bistrot-des-alpes-cruis.fr\/wp-content\/uploads\/2022\/03\/Mas-st-Pierre-768x427.jpg 768w\" sizes=\"auto, (max-width: 396px) 100vw, 396px\" \/><figcaption>Propri\u00e9taire : M.Auguste Derrives &#8211; T\u00e9l\u00e9phone : 06 70 80 81 40 &#8211; Mail : rderrives@free.fr<\/figcaption><\/figure>\n\n\n\n<div class=\"wp-block-buttons is-layout-flex wp-block-buttons-is-layout-flex\">\n<div class=\"wp-block-button\"><a class=\"wp-block-button__link\" href=\"https:\/\/www.gites-de-france-04.fr\/location-vacances-Gite-3-epis-Alpes-de-haute-provence-Haute-Provence-Luberon-Cruis-Mas-Saint-pierre-Auguste-Et-Raymonde-Derrives-G14357.html\" target=\"_blank\" rel=\"noreferrer noopener\">Lien vers Le Mas Saint Pierre<\/a><\/div>\n<\/div>\n\n\n\n<h2 class=\"wp-block-heading\"><\/h2>\n\n\n\n<h2 class=\"wp-block-heading\">Le Laurier <img loading=\"lazy\" decoding=\"async\" width=\"40\" height=\"40\" class=\"wp-image-383\" style=\"width: 40px;\" src=\"https:\/\/bistrot-des-alpes-cruis.fr\/wp-content\/uploads\/2022\/03\/Gite-de-france.png\" alt=\"\" srcset=\"https:\/\/bistrot-des-alpes-cruis.fr\/wp-content\/uploads\/2022\/03\/Gite-de-france.png 225w, https:\/\/bistrot-des-alpes-cruis.fr\/wp-content\/uploads\/2022\/03\/Gite-de-france-150x150.png 150w\" sizes=\"auto, (max-width: 40px) 100vw, 40px\" \/><\/h2>\n\n\n\n<figure class=\"wp-block-image size-full is-resized\"><img loading=\"lazy\" decoding=\"async\" src=\"https:\/\/bistrot-des-alpes-cruis.fr\/wp-content\/uploads\/2022\/03\/Le-laurier.jpg\" alt=\"\" class=\"wp-image-395\" width=\"396\" height=\"220\" srcset=\"https:\/\/bistrot-des-alpes-cruis.fr\/wp-content\/uploads\/2022\/03\/Le-laurier.jpg 791w, https:\/\/bistrot-des-alpes-cruis.fr\/wp-content\/uploads\/2022\/03\/Le-laurier-300x167.jpg 300w, https:\/\/bistrot-des-alpes-cruis.fr\/wp-content\/uploads\/2022\/03\/Le-laurier-768x427.jpg 768w\" sizes=\"auto, (max-width: 396px) 100vw, 396px\" \/><figcaption>Propri\u00e9taire : M.Alain Trouchet &#8211; T\u00e9l\u00e9phone : 04 90 78 98 09 &#8211; 06 11 94 04 00 &#8211; Mail : atrouchet@orange.fr<\/figcaption><\/figure>\n\n\n\n<div class=\"wp-block-buttons is-layout-flex wp-block-buttons-is-layout-flex\">\n<div class=\"wp-block-button\"><a class=\"wp-block-button__link\" href=\"https:\/\/www.gites-de-france-04.fr\/location-vacances-Gite-3-epis-Alpes-de-haute-provence-Haute-Provence-Luberon-Cruis-Le-Laurier-Alain,-Marie-joelle-Trouchet-G14327.html\" target=\"_blank\" rel=\"noreferrer noopener\">Lien vers Le Laurier<\/a><\/div>\n<\/div>\n\n\n\n<h2 class=\"wp-block-heading\"><\/h2>\n\n\n\n<h2 class=\"wp-block-heading\">La Bastide de Claus &#8211; Vitaverde<img loading=\"lazy\" decoding=\"async\" width=\"40\" height=\"40\" class=\"wp-image-383\" style=\"width: 40px;\" src=\"https:\/\/bistrot-des-alpes-cruis.fr\/wp-content\/uploads\/2022\/03\/Gite-de-france.png\" alt=\"\" srcset=\"https:\/\/bistrot-des-alpes-cruis.fr\/wp-content\/uploads\/2022\/03\/Gite-de-france.png 225w, https:\/\/bistrot-des-alpes-cruis.fr\/wp-content\/uploads\/2022\/03\/Gite-de-france-150x150.png 150w\" sizes=\"auto, (max-width: 40px) 100vw, 40px\" \/><\/h2>\n\n\n\n<figure class=\"wp-block-image size-full is-resized\"><img loading=\"lazy\" decoding=\"async\" src=\"https:\/\/bistrot-des-alpes-cruis.fr\/wp-content\/uploads\/2022\/03\/Bastide-du-Claus.jpg\" alt=\"\" class=\"wp-image-399\" width=\"396\" height=\"220\" srcset=\"https:\/\/bistrot-des-alpes-cruis.fr\/wp-content\/uploads\/2022\/03\/Bastide-du-Claus.jpg 791w, https:\/\/bistrot-des-alpes-cruis.fr\/wp-content\/uploads\/2022\/03\/Bastide-du-Claus-300x167.jpg 300w, https:\/\/bistrot-des-alpes-cruis.fr\/wp-content\/uploads\/2022\/03\/Bastide-du-Claus-768x427.jpg 768w\" sizes=\"auto, (max-width: 396px) 100vw, 396px\" \/><figcaption>Propri\u00e9taires : Rastier Bruno &#8211; Rancillac Lucie &#8211; T\u00e9l\u00e9phone : 04 92 74 99 32 &#8211; 06 62 34 62 45 &#8211; Mail : contact@labastideduclaus-vitaverde.com<\/figcaption><\/figure>\n\n\n\n<div class=\"wp-block-buttons is-layout-flex wp-block-buttons-is-layout-flex\">\n<div class=\"wp-block-button\"><a class=\"wp-block-button__link\" href=\"https:\/\/www.labastideduclaus-vitaverde.com\/\" target=\"_blank\" rel=\"noreferrer noopener\">Lien vers La Bastide de Claus<\/a><\/div>\n<\/div>\n","protected":false},"excerpt":{"rendered":"<p>La Bastide Saint Pierre Le Mas Saint Pierre Le Laurier La Bastide de Claus &#8211; Vitaverde<\/p>\n","protected":false},"author":1,"featured_media":0,"parent":0,"menu_order":0,"comment_status":"closed","ping_status":"closed","template":"","meta":{"footnotes":""},"class_list":["post-225","page","type-page","status-publish","hentry"],"yoast_head":"<!-- This site is optimized with the Yoast SEO plugin v27.4 - https:\/\/yoast.com\/product\/yoast-seo-wordpress\/ -->\n<title>Nos Partenaires - Bistrot Des Alpes<\/title>\n<meta name=\"robots\" content=\"index, follow, max-snippet:-1, max-image-preview:large, max-video-preview:-1\" \/>\n<link rel=\"canonical\" href=\"https:\/\/bistrot-des-alpes-cruis.fr\/?page_id=225\" \/>\n<meta property=\"og:locale\" content=\"fr_FR\" \/>\n<meta property=\"og:type\" content=\"article\" \/>\n<meta property=\"og:title\" content=\"Nos Partenaires - Bistrot Des Alpes\" \/>\n<meta property=\"og:description\" content=\"La Bastide Saint Pierre Le Mas Saint Pierre Le Laurier La Bastide de Claus &#8211; Vitaverde\" \/>\n<meta property=\"og:url\" content=\"https:\/\/bistrot-des-alpes-cruis.fr\/?page_id=225\" \/>\n<meta property=\"og:site_name\" content=\"Bistrot Des Alpes\" \/>\n<meta property=\"article:publisher\" content=\"https:\/\/www.facebook.com\/barrestaurant.desalpes\/\" \/>\n<meta property=\"article:modified_time\" content=\"2022-03-20T17:31:52+00:00\" \/>\n<meta property=\"og:image\" content=\"https:\/\/bistrot-des-alpes-cruis.fr\/wp-content\/uploads\/2022\/03\/Gite-de-france.png\" \/>\n<meta name=\"twitter:card\" content=\"summary_large_image\" \/>\n<meta name=\"twitter:label1\" content=\"Dur\u00e9e de lecture estim\u00e9e\" \/>\n\t<meta name=\"twitter:data1\" content=\"3 minutes\" \/>\n<script type=\"application\/ld+json\" class=\"yoast-schema-graph\">{\"@context\":\"https:\\\/\\\/schema.org\",\"@graph\":[{\"@type\":\"WebPage\",\"@id\":\"https:\\\/\\\/bistrot-des-alpes-cruis.fr\\\/?page_id=225\",\"url\":\"https:\\\/\\\/bistrot-des-alpes-cruis.fr\\\/?page_id=225\",\"name\":\"Nos Partenaires - Bistrot Des Alpes\",\"isPartOf\":{\"@id\":\"https:\\\/\\\/bistrot-des-alpes-cruis.fr\\\/#website\"},\"primaryImageOfPage\":{\"@id\":\"https:\\\/\\\/bistrot-des-alpes-cruis.fr\\\/?page_id=225#primaryimage\"},\"image\":{\"@id\":\"https:\\\/\\\/bistrot-des-alpes-cruis.fr\\\/?page_id=225#primaryimage\"},\"thumbnailUrl\":\"https:\\\/\\\/bistrot-des-alpes-cruis.fr\\\/wp-content\\\/uploads\\\/2022\\\/03\\\/Gite-de-france.png\",\"datePublished\":\"2022-03-13T19:58:07+00:00\",\"dateModified\":\"2022-03-20T17:31:52+00:00\",\"breadcrumb\":{\"@id\":\"https:\\\/\\\/bistrot-des-alpes-cruis.fr\\\/?page_id=225#breadcrumb\"},\"inLanguage\":\"fr-FR\",\"potentialAction\":[{\"@type\":\"ReadAction\",\"target\":[\"https:\\\/\\\/bistrot-des-alpes-cruis.fr\\\/?page_id=225\"]}]},{\"@type\":\"ImageObject\",\"inLanguage\":\"fr-FR\",\"@id\":\"https:\\\/\\\/bistrot-des-alpes-cruis.fr\\\/?page_id=225#primaryimage\",\"url\":\"https:\\\/\\\/bistrot-des-alpes-cruis.fr\\\/wp-content\\\/uploads\\\/2022\\\/03\\\/Gite-de-france.png\",\"contentUrl\":\"https:\\\/\\\/bistrot-des-alpes-cruis.fr\\\/wp-content\\\/uploads\\\/2022\\\/03\\\/Gite-de-france.png\",\"width\":225,\"height\":225},{\"@type\":\"BreadcrumbList\",\"@id\":\"https:\\\/\\\/bistrot-des-alpes-cruis.fr\\\/?page_id=225#breadcrumb\",\"itemListElement\":[{\"@type\":\"ListItem\",\"position\":1,\"name\":\"Accueil\",\"item\":\"https:\\\/\\\/bistrot-des-alpes-cruis.fr\\\/\"},{\"@type\":\"ListItem\",\"position\":2,\"name\":\"Nos Partenaires\"}]},{\"@type\":\"WebSite\",\"@id\":\"https:\\\/\\\/bistrot-des-alpes-cruis.fr\\\/#website\",\"url\":\"https:\\\/\\\/bistrot-des-alpes-cruis.fr\\\/\",\"name\":\"Bistrot Des Alpes\",\"description\":\"Restaurant Traiteur Pizzas\",\"publisher\":{\"@id\":\"https:\\\/\\\/bistrot-des-alpes-cruis.fr\\\/#organization\"},\"potentialAction\":[{\"@type\":\"SearchAction\",\"target\":{\"@type\":\"EntryPoint\",\"urlTemplate\":\"https:\\\/\\\/bistrot-des-alpes-cruis.fr\\\/?s={search_term_string}\"},\"query-input\":{\"@type\":\"PropertyValueSpecification\",\"valueRequired\":true,\"valueName\":\"search_term_string\"}}],\"inLanguage\":\"fr-FR\"},{\"@type\":\"Organization\",\"@id\":\"https:\\\/\\\/bistrot-des-alpes-cruis.fr\\\/#organization\",\"name\":\"Bistrot des alpes\",\"url\":\"https:\\\/\\\/bistrot-des-alpes-cruis.fr\\\/\",\"logo\":{\"@type\":\"ImageObject\",\"inLanguage\":\"fr-FR\",\"@id\":\"https:\\\/\\\/bistrot-des-alpes-cruis.fr\\\/#\\\/schema\\\/logo\\\/image\\\/\",\"url\":\"http:\\\/\\\/bistrot-des-alpes-cruis.fr\\\/wp-content\\\/uploads\\\/2022\\\/03\\\/cropped-panneaux-exterieurs.jpg\",\"contentUrl\":\"http:\\\/\\\/bistrot-des-alpes-cruis.fr\\\/wp-content\\\/uploads\\\/2022\\\/03\\\/cropped-panneaux-exterieurs.jpg\",\"width\":1700,\"height\":1139,\"caption\":\"Bistrot des alpes\"},\"image\":{\"@id\":\"https:\\\/\\\/bistrot-des-alpes-cruis.fr\\\/#\\\/schema\\\/logo\\\/image\\\/\"},\"sameAs\":[\"https:\\\/\\\/www.facebook.com\\\/barrestaurant.desalpes\\\/\"]}]}<\/script>\n<!-- \/ Yoast SEO plugin. -->","yoast_head_json":{"title":"Nos Partenaires - Bistrot Des Alpes","robots":{"index":"index","follow":"follow","max-snippet":"max-snippet:-1","max-image-preview":"max-image-preview:large","max-video-preview":"max-video-preview:-1"},"canonical":"https:\/\/bistrot-des-alpes-cruis.fr\/?page_id=225","og_locale":"fr_FR","og_type":"article","og_title":"Nos Partenaires - Bistrot Des Alpes","og_description":"La Bastide Saint Pierre Le Mas Saint Pierre Le Laurier La Bastide de Claus &#8211; Vitaverde","og_url":"https:\/\/bistrot-des-alpes-cruis.fr\/?page_id=225","og_site_name":"Bistrot Des Alpes","article_publisher":"https:\/\/www.facebook.com\/barrestaurant.desalpes\/","article_modified_time":"2022-03-20T17:31:52+00:00","og_image":[{"url":"https:\/\/bistrot-des-alpes-cruis.fr\/wp-content\/uploads\/2022\/03\/Gite-de-france.png","type":"","width":"","height":""}],"twitter_card":"summary_large_image","twitter_misc":{"Dur\u00e9e de lecture estim\u00e9e":"3 minutes"},"schema":{"@context":"https:\/\/schema.org","@graph":[{"@type":"WebPage","@id":"https:\/\/bistrot-des-alpes-cruis.fr\/?page_id=225","url":"https:\/\/bistrot-des-alpes-cruis.fr\/?page_id=225","name":"Nos Partenaires - Bistrot Des Alpes","isPartOf":{"@id":"https:\/\/bistrot-des-alpes-cruis.fr\/#website"},"primaryImageOfPage":{"@id":"https:\/\/bistrot-des-alpes-cruis.fr\/?page_id=225#primaryimage"},"image":{"@id":"https:\/\/bistrot-des-alpes-cruis.fr\/?page_id=225#primaryimage"},"thumbnailUrl":"https:\/\/bistrot-des-alpes-cruis.fr\/wp-content\/uploads\/2022\/03\/Gite-de-france.png","datePublished":"2022-03-13T19:58:07+00:00","dateModified":"2022-03-20T17:31:52+00:00","breadcrumb":{"@id":"https:\/\/bistrot-des-alpes-cruis.fr\/?page_id=225#breadcrumb"},"inLanguage":"fr-FR","potentialAction":[{"@type":"ReadAction","target":["https:\/\/bistrot-des-alpes-cruis.fr\/?page_id=225"]}]},{"@type":"ImageObject","inLanguage":"fr-FR","@id":"https:\/\/bistrot-des-alpes-cruis.fr\/?page_id=225#primaryimage","url":"https:\/\/bistrot-des-alpes-cruis.fr\/wp-content\/uploads\/2022\/03\/Gite-de-france.png","contentUrl":"https:\/\/bistrot-des-alpes-cruis.fr\/wp-content\/uploads\/2022\/03\/Gite-de-france.png","width":225,"height":225},{"@type":"BreadcrumbList","@id":"https:\/\/bistrot-des-alpes-cruis.fr\/?page_id=225#breadcrumb","itemListElement":[{"@type":"ListItem","position":1,"name":"Accueil","item":"https:\/\/bistrot-des-alpes-cruis.fr\/"},{"@type":"ListItem","position":2,"name":"Nos Partenaires"}]},{"@type":"WebSite","@id":"https:\/\/bistrot-des-alpes-cruis.fr\/#website","url":"https:\/\/bistrot-des-alpes-cruis.fr\/","name":"Bistrot Des Alpes","description":"Restaurant Traiteur Pizzas","publisher":{"@id":"https:\/\/bistrot-des-alpes-cruis.fr\/#organization"},"potentialAction":[{"@type":"SearchAction","target":{"@type":"EntryPoint","urlTemplate":"https:\/\/bistrot-des-alpes-cruis.fr\/?s={search_term_string}"},"query-input":{"@type":"PropertyValueSpecification","valueRequired":true,"valueName":"search_term_string"}}],"inLanguage":"fr-FR"},{"@type":"Organization","@id":"https:\/\/bistrot-des-alpes-cruis.fr\/#organization","name":"Bistrot des alpes","url":"https:\/\/bistrot-des-alpes-cruis.fr\/","logo":{"@type":"ImageObject","inLanguage":"fr-FR","@id":"https:\/\/bistrot-des-alpes-cruis.fr\/#\/schema\/logo\/image\/","url":"http:\/\/bistrot-des-alpes-cruis.fr\/wp-content\/uploads\/2022\/03\/cropped-panneaux-exterieurs.jpg","contentUrl":"http:\/\/bistrot-des-alpes-cruis.fr\/wp-content\/uploads\/2022\/03\/cropped-panneaux-exterieurs.jpg","width":1700,"height":1139,"caption":"Bistrot des alpes"},"image":{"@id":"https:\/\/bistrot-des-alpes-cruis.fr\/#\/schema\/logo\/image\/"},"sameAs":["https:\/\/www.facebook.com\/barrestaurant.desalpes\/"]}]}},"_links":{"self":[{"href":"https:\/\/bistrot-des-alpes-cruis.fr\/index.php?rest_route=\/wp\/v2\/pages\/225","targetHints":{"allow":["GET"]}}],"collection":[{"href":"https:\/\/bistrot-des-alpes-cruis.fr\/index.php?rest_route=\/wp\/v2\/pages"}],"about":[{"href":"https:\/\/bistrot-des-alpes-cruis.fr\/index.php?rest_route=\/wp\/v2\/types\/page"}],"author":[{"embeddable":true,"href":"https:\/\/bistrot-des-alpes-cruis.fr\/index.php?rest_route=\/wp\/v2\/users\/1"}],"replies":[{"embeddable":true,"href":"https:\/\/bistrot-des-alpes-cruis.fr\/index.php?rest_route=%2Fwp%2Fv2%2Fcomments&post=225"}],"version-history":[{"count":14,"href":"https:\/\/bistrot-des-alpes-cruis.fr\/index.php?rest_route=\/wp\/v2\/pages\/225\/revisions"}],"predecessor-version":[{"id":402,"href":"https:\/\/bistrot-des-alpes-cruis.fr\/index.php?rest_route=\/wp\/v2\/pages\/225\/revisions\/402"}],"wp:attachment":[{"href":"https:\/\/bistrot-des-alpes-cruis.fr\/index.php?rest_route=%2Fwp%2Fv2%2Fmedia&parent=225"}],"curies":[{"name":"wp","href":"https:\/\/api.w.org\/{rel}","templated":true}]}}